{"id":19306,"date":"2021-10-22T10:24:53","date_gmt":"2021-10-22T10:24:53","guid":{"rendered":"http:\/\/kvark.rs\/?page_id=19306"},"modified":"2023-10-30T16:26:00","modified_gmt":"2023-10-30T16:26:00","slug":"komisioniranje-linearnih-akceleratora","status":"publish","type":"page","link":"https:\/\/kvark.rs\/en\/komisioniranje-linearnih-akceleratora\/","title":{"rendered":"Commissioning of linear accelerators"},"content":{"rendered":"<p>[et_pb_section fb_built=&#8220;1&#8243; module_class=&#8220;cs-service-hero&#8220; _builder_version=&#8220;4.20.4&#8243; _module_preset=&#8220;default&#8220; use_background_color_gradient=&#8220;on&#8220; background_color_gradient_direction=&#8220;90deg&#8220; background_color_gradient_stops=&#8220;rgba(46,48,146,0.5) 50%|rgba(255,255,255,0) 50%&#8220; background_image=&#8220;https:\/\/kvark.rs\/wp-content\/uploads\/2021\/10\/20200514_130632-scaled.jpg&#8220; background_blend=&#8220;overlay&#8220; background_enable_video_mp4=&#8220;off&#8220; height=&#8220;90vh&#8220; height_tablet=&#8220;90vh&#8220; height_phone=&#8220;250px&#8220; height_last_edited=&#8220;on|tablet&#8220; hover_enabled=&#8220;0&#8243; background_last_edited=&#8220;on|desktop&#8220; use_background_color_gradient_tablet=&#8220;on&#8220; use_background_color_gradient_phone=&#8220;on&#8220; background_color_gradient_stops_tablet=&#8220;rgba(46, 48, 146, 0.5) 50%|rgba(46,48,146,0.5) 50%|rgba(255,255,255,0) 50%&#8220; background_color_gradient_stops_phone=&#8220;rgba(46,48,146,0.5) 100%|rgba(255,255,255,0) 100%&#8220; background_blend_phone=&#8220;overlay&#8220; global_colors_info=&#8220;{}&#8220; sticky_enabled=&#8220;0&#8243;][et_pb_row _builder_version=&#8220;4.16&#8243; _module_preset=&#8220;default&#8220; background_enable_color=&#8220;off&#8220; positioning=&#8220;absolute&#8220; position_origin_a=&#8220;center_left&#8220; horizontal_offset=&#8220;0px&#8220; width=&#8220;60%&#8220; height=&#8220;100%&#8220; custom_padding=&#8220;5%|9%|5%|9%|true|true&#8220; global_colors_info=&#8220;{}&#8220;][et_pb_column type=&#8220;4_4&#8243; _builder_version=&#8220;4.16&#8243; _module_preset=&#8220;default&#8220; custom_padding=&#8220;||||false|false&#8220; global_colors_info=&#8220;{}&#8220;][\/et_pb_column][\/et_pb_row][et_pb_row _builder_version=&#8220;4.16&#8243; _module_preset=&#8220;default&#8220; positioning=&#8220;absolute&#8220; position_origin_a=&#8220;bottom_left&#8220; width=&#8220;50%&#8220; width_tablet=&#8220;50%&#8220; width_phone=&#8220;100vw&#8220; width_last_edited=&#8220;on|phone&#8220; max_width=&#8220;100vw&#8220; custom_margin=&#8220;||||false|false&#8220; custom_margin_tablet=&#8220;||||false|false&#8220; custom_margin_phone=&#8220;||20%||false|false&#8220; custom_margin_last_edited=&#8220;on|phone&#8220; custom_padding=&#8220;||10%|10%|false|false&#8220; hover_enabled=&#8220;0&#8243; global_colors_info=&#8220;{}&#8220; sticky_enabled=&#8220;0&#8243; locked=&#8220;off&#8220;][et_pb_column type=&#8220;4_4&#8243; _builder_version=&#8220;4.16&#8243; _module_preset=&#8220;default&#8220; global_colors_info=&#8220;{}&#8220;][et_pb_post_title meta=&#8220;off&#8220; featured_image=&#8220;off&#8220; module_class=&#8220;cs-main-heading light&#8220; _builder_version=&#8220;4.20.4&#8243; _module_preset=&#8220;default&#8220; width=&#8220;90%&#8220; hover_enabled=&#8220;0&#8243; title_font_size_tablet=&#8220;28px&#8220; title_font_size_phone=&#8220;28px&#8220; title_font_size_last_edited=&#8220;on|phone&#8220; global_colors_info=&#8220;{}&#8220; sticky_enabled=&#8220;0&#8243;][\/et_pb_post_title][\/et_pb_column][\/et_pb_row][\/et_pb_section][et_pb_section fb_built=&#8220;1&#8243; _builder_version=&#8220;4.16&#8243; _module_preset=&#8220;default&#8220; global_colors_info=&#8220;{}&#8220;][et_pb_row column_structure=&#8220;1_2,1_2&#8243; module_class=&#8220;cs-service-flex-row&#8220; _builder_version=&#8220;4.20.4&#8243; _module_preset=&#8220;default&#8220; custom_margin_tablet=&#8220;&#8220; custom_margin_phone=&#8220;-50px||||false|false&#8220; custom_margin_last_edited=&#8220;on|phone&#8220; global_colors_info=&#8220;{}&#8220;][et_pb_column type=&#8220;1_2&#8243; _builder_version=&#8220;4.16&#8243; _module_preset=&#8220;default&#8220; global_colors_info=&#8220;{}&#8220;][dipl_text_animator animated_text=&#8220;Komisioniranje&#8220; animation_layout=&#8220;wave&#8220; module_class=&#8220;cs-main-heading subheading dark&#8220; _builder_version=&#8220;4.20.4&#8243; _module_preset=&#8220;default&#8220; global_text_settings_text_color=&#8220;#E02B20&#8243; global_colors_info=&#8220;{}&#8220;][\/dipl_text_animator][et_pb_text _builder_version=&#8220;4.16&#8243; _module_preset=&#8220;default&#8220; text_font=&#8220;|300|||||||&#8220; global_colors_info=&#8220;{}&#8220;]<\/p>\n<p class=\"dsm_block_reveal_text_header et_pb_module_header\">KVARK doo provides services of data collection of radiation beam emitted by the accelerator, commissioning of the accelerator and verification, ie, services better known as <strong>commissioning<\/strong>.<\/p>\n<p>[\/et_pb_text][et_pb_text _builder_version=&#8220;4.16&#8243; _module_preset=&#8220;default&#8220; text_font=&#8220;|300|||||||&#8220; global_colors_info=&#8220;{}&#8220;]<\/p>\n<p>Our team is familiar with all major equipment suppliers and highly qualified for self-tuning equipment prior to commissioning. All data collections meet European and world standards required for accurate treatment planning.<\/p>\n<p>[\/et_pb_text][\/et_pb_column][et_pb_column type=&#8220;1_2&#8243; _builder_version=&#8220;4.16&#8243; _module_preset=&#8220;default&#8220; global_colors_info=&#8220;{}&#8220;][et_pb_image src=&#8220;https:\/\/kvark.rs\/wp-content\/uploads\/2021\/11\/kccg-aparat-1-e1545732556834.jpg&#8220; title_text=&#8220;kccg-aparat-1-e1545732556834&#8243; align_tablet=&#8220;center&#8220; align_phone=&#8220;center&#8220; align_last_edited=&#8220;on|tablet&#8220; module_class=&#8220;cs-kenBurns cs-responsive-image&#8220; _builder_version=&#8220;4.16&#8243; _module_preset=&#8220;default&#8220; global_colors_info=&#8220;{}&#8220;][\/et_pb_image][\/et_pb_column][\/et_pb_row][\/et_pb_section][et_pb_section fb_built=&#8220;1&#8243; custom_padding_last_edited=&#8220;on|phone&#8220; prev_background_color=&#8220;#ffffff&#8220; _builder_version=&#8220;4.16&#8243; _module_preset=&#8220;default&#8220; background_color=&#8220;gcid-1da049c7-c657-4f41-bb4c-7ebbdce39950&#8243; background_enable_image=&#8220;off&#8220; parallax=&#8220;on&#8220; custom_margin=&#8220;||||false|false&#8220; custom_padding=&#8220;5%||10%||false|false&#8220; custom_padding_tablet=&#8220;||20%||false|false&#8220; custom_padding_phone=&#8220;10%||||false|false&#8220; top_divider_style=&#8220;ramp2&#8243; top_divider_height=&#8220;200px&#8220; top_divider_flip=&#8220;vertical|horizontal&#8220; bottom_divider_style=&#8220;ramp2&#8243; bottom_divider_color=&#8220;gcid-c3eac8fa-242d-4e23-a38b-4651196071fe&#8220; bottom_divider_height=&#8220;200px&#8220; locked=&#8220;off&#8220; global_colors_info=&#8220;{%22gcid-c3eac8fa-242d-4e23-a38b-4651196071fe%22:%91%22bottom_divider_color%22%93}&#8220;][et_pb_row column_structure=&#8220;1_2,1_2&#8243; module_class=&#8220;cs-flex-row cs-flex-column-reverse&#8220; _builder_version=&#8220;4.20.4&#8243; _module_preset=&#8220;default&#8220; custom_margin=&#8220;5%||5%||true|false&#8220; custom_margin_tablet=&#8220;||0%||false|false&#8220; custom_margin_phone=&#8220;||-70px||false|false&#8220; custom_margin_last_edited=&#8220;on|desktop&#8220; global_colors_info=&#8220;{}&#8220;][et_pb_column type=&#8220;1_2&#8243; _builder_version=&#8220;4.16&#8243; _module_preset=&#8220;default&#8220; global_colors_info=&#8220;{}&#8220;][dsm_tilt_image src=&#8220;https:\/\/kvark.rs\/wp-content\/uploads\/2021\/11\/rawImage.jpg&#8220; title_text=&#8220;rawImage&#8220; dsm_tilt_mobile=&#8220;on&#8220; dsm_use_glare=&#8220;on&#8220; dsm_overlay_color=&#8220;rgba(46,48,146,0.5)&#8220; module_class=&#8220;cs-responsive-image cs-larger-responsive-image&#8220; _builder_version=&#8220;4.16&#8243; _module_preset=&#8220;default&#8220; width=&#8220;94%&#8220; global_colors_info=&#8220;{}&#8220;][\/dsm_tilt_image][\/et_pb_column][et_pb_column type=&#8220;1_2&#8243; _builder_version=&#8220;4.16&#8243; _module_preset=&#8220;default&#8220; custom_padding_tablet=&#8220;||30px||false|false&#8220; custom_padding_phone=&#8220;||30px||false|false&#8220; custom_padding_last_edited=&#8220;on|tablet&#8220; global_colors_info=&#8220;{}&#8220;][et_pb_text module_class=&#8220;cs-main-heading subheading dark&#8220; _builder_version=&#8220;4.20.4&#8243; _module_preset=&#8220;default&#8220; text_font=&#8220;Poppins|500|||||||&#8220; text_text_color=&#8220;gcid-c3eac8fa-242d-4e23-a38b-4651196071fe&#8220; text_font_size=&#8220;20px&#8220; locked=&#8220;off&#8220; global_colors_info=&#8220;{%22gcid-c3eac8fa-242d-4e23-a38b-4651196071fe%22:%91%22text_text_color%22%93}&#8220;]<\/p>\n<p style=\"text-align: left;\"><span>Commissioning process<\/span><\/p>\n<p>[\/et_pb_text][et_pb_text _builder_version=&#8220;4.16&#8243; _module_preset=&#8220;default&#8220; text_font=&#8220;Montserrat|300|||||||&#8220; text_text_color=&#8220;#fafafa&#8220; link_font=&#8220;|600|||||||&#8220; link_text_color=&#8220;gcid-4b7e3699-25e1-4eaa-bbba-909d10cc2bf7&#8243; header_text_align=&#8220;right&#8220; global_colors_info=&#8220;{%22gcid-4b7e3699-25e1-4eaa-bbba-909d10cc2bf7%22:%91%22link_text_color%22%93}&#8220;]<\/p>\n<p>The commissioning process itself begins with data collection, our team works with your physicists to fully understand all needs and based on that adjust their approach and ensure fast service so that treatment of patients can begin as soon as possible.<\/p>\n<p>We also offer all kinds of equipment for QA Linaca see more <a href=\"https:\/\/kvark.rs\/proizvodi_category\/oprema-medicina\/radioterapija\/dozimetrijska-oprema\/\" target=\"_blank\" rel=\"noopener\">here.<\/a><\/p>\n<p>&nbsp;<\/p>\n<p>More information at: <a href=\"https:\/\/kvark.rs\/wp-content\/uploads\/2022\/01\/Commissioning.pdf\" rel=\"attachment noopener wp-att-21556\" target=\"_blank\">Commissioning.pdf<\/a><\/p>\n<p>&nbsp;<\/p>\n<p>&nbsp;<\/p>\n<p>[\/et_pb_text][\/et_pb_column][\/et_pb_row][et_pb_row column_structure=&#8220;1_2,1_2&#8243; make_equal=&#8220;on&#8220; module_class=&#8220;cs-row-column-center&#8220; _builder_version=&#8220;4.16&#8243; _module_preset=&#8220;default&#8220; global_colors_info=&#8220;{}&#8220;][et_pb_column type=&#8220;1_2&#8243; _builder_version=&#8220;4.16&#8243; _module_preset=&#8220;default&#8220; global_colors_info=&#8220;{}&#8220;][et_pb_text module_class=&#8220;cs-main-heading subheading dark&#8220; _builder_version=&#8220;4.20.4&#8243; _module_preset=&#8220;default&#8220; text_font=&#8220;Poppins|500|||||||&#8220; text_text_color=&#8220;gcid-c3eac8fa-242d-4e23-a38b-4651196071fe&#8220; text_font_size=&#8220;20px&#8220; locked=&#8220;off&#8220; global_colors_info=&#8220;{%22gcid-c3eac8fa-242d-4e23-a38b-4651196071fe%22:%91%22text_text_color%22%93}&#8220;]<\/p>\n<p style=\"text-align: left;\">The services we provide<\/p>\n<p>[\/et_pb_text][dsm_icon_list icon_color=&#8220;gcid-4b7e3699-25e1-4eaa-bbba-909d10cc2bf7&#8243; _builder_version=&#8220;4.16&#8243; _module_preset=&#8220;default&#8220; text_text_color=&#8220;gcid-4bb1ac01-298a-4fb8-83d3-28e9b517cd21&#8243; global_colors_info=&#8220;{%22gcid-4b7e3699-25e1-4eaa-bbba-909d10cc2bf7%22:%91%22icon_color%22%93,%22gcid-4bb1ac01-298a-4fb8-83d3-28e9b517cd21%22:%91%22text_text_color%22%93}&#8220;][dsm_icon_list_child text=&#8220;Varian TrueBeam, Halcyon, and Linac Commissioning&#8220; font_icon=&#8220;&#x4e;||divi||400&#8243; icon_color=&#8220;gcid-4b7e3699-25e1-4eaa-bbba-909d10cc2bf7&#8243; _builder_version=&#8220;4.16&#8243; _module_preset=&#8220;default&#8220; text_text_color=&#8220;gcid-4bb1ac01-298a-4fb8-83d3-28e9b517cd21&#8243; global_colors_info=&#8220;{%22gcid-4b7e3699-25e1-4eaa-bbba-909d10cc2bf7%22:%91%22icon_color%22%93,%22gcid-4bb1ac01-298a-4fb8-83d3-28e9b517cd21%22:%91%22text_text_color%22%93}&#8220;][\/dsm_icon_list_child][dsm_icon_list_child text=&#8220;Elekta Versa HD, Infinity, and Synergy Commissioning&#8220; font_icon=&#8220;&#x4e;||divi||400&#8243; icon_color=&#8220;gcid-4b7e3699-25e1-4eaa-bbba-909d10cc2bf7&#8243; _builder_version=&#8220;4.16&#8243; _module_preset=&#8220;default&#8220; text_text_color=&#8220;gcid-4bb1ac01-298a-4fb8-83d3-28e9b517cd21&#8243; global_colors_info=&#8220;{%22gcid-4b7e3699-25e1-4eaa-bbba-909d10cc2bf7%22:%91%22icon_color%22,%22icon_color%22%93,%22gcid-4bb1ac01-298a-4fb8-83d3-28e9b517cd21%22:%91%22text_text_color%22%93}&#8220;][\/dsm_icon_list_child][dsm_icon_list_child text=&#8220;Stereotactic Radiosurgery (SRS) Commissioning&#8220; font_icon=&#8220;&#x4e;||divi||400&#8243; icon_color=&#8220;gcid-4b7e3699-25e1-4eaa-bbba-909d10cc2bf7&#8243; _builder_version=&#8220;4.16&#8243; _module_preset=&#8220;default&#8220; global_colors_info=&#8220;{%22gcid-4b7e3699-25e1-4eaa-bbba-909d10cc2bf7%22:%91%22icon_color%22%93}&#8220;][\/dsm_icon_list_child][dsm_icon_list_child text=&#8220;Stereotactic Body Radiation Therapy (SBRT) Commissioning&#8220; font_icon=&#8220;&#x4e;||divi||400&#8243; icon_color=&#8220;gcid-4b7e3699-25e1-4eaa-bbba-909d10cc2bf7&#8243; _builder_version=&#8220;4.16&#8243; _module_preset=&#8220;default&#8220; global_colors_info=&#8220;{%22gcid-4b7e3699-25e1-4eaa-bbba-909d10cc2bf7%22:%91%22icon_color%22%93}&#8220;][\/dsm_icon_list_child][dsm_icon_list_child text=&#8220;Electron Monte Carlo Commissioning upgrade&#8220; font_icon=&#8220;&#x4e;||divi||400&#8243; icon_color=&#8220;gcid-4b7e3699-25e1-4eaa-bbba-909d10cc2bf7&#8243; _builder_version=&#8220;4.16&#8243; _module_preset=&#8220;default&#8220; global_colors_info=&#8220;{%22gcid-4b7e3699-25e1-4eaa-bbba-909d10cc2bf7%22:%91%22icon_color%22%93}&#8220;][\/dsm_icon_list_child][dsm_icon_list_child text=&#8220;Linac recommissioning for new treatment planning systems&#8220; font_icon=&#8220;&#x4e;||divi||400&#8243; icon_color=&#8220;gcid-4b7e3699-25e1-4eaa-bbba-909d10cc2bf7&#8243; _builder_version=&#8220;4.16&#8243; _module_preset=&#8220;default&#8220; global_colors_info=&#8220;{%22gcid-4b7e3699-25e1-4eaa-bbba-909d10cc2bf7%22:%91%22icon_color%22%93}&#8220;][\/dsm_icon_list_child][\/dsm_icon_list][\/et_pb_column][et_pb_column type=&#8220;1_2&#8243; _builder_version=&#8220;4.16&#8243; _module_preset=&#8220;default&#8220; global_colors_info=&#8220;{}&#8220;][dsm_tilt_image src=&#8220;https:\/\/kvark.rs\/wp-content\/uploads\/2021\/11\/istockphoto-1069315710-612&#215;612-1.jpg&#8220; title_text=&#8220;istockphoto-1069315710-612&#215;612&#8243; dsm_tilt_mobile=&#8220;on&#8220; dsm_use_glare=&#8220;on&#8220; dsm_overlay_color=&#8220;rgba(46,48,146,0.5)&#8220; module_class=&#8220;cs-responsive-image cs-larger-responsive-image&#8220; _builder_version=&#8220;4.16&#8243; _module_preset=&#8220;default&#8220; width=&#8220;94%&#8220; global_colors_info=&#8220;{}&#8220;][\/dsm_tilt_image][\/et_pb_column][\/et_pb_row][\/et_pb_section]<\/p>","protected":false},"excerpt":{"rendered":"<p><div class=\"et_pb_module dipl_text_animator dipl_text_animator_0 cs-main-heading subheading dark\">\n\t\t\t\t\n\t\t\t\t\n\t\t\t\t\n\t\t\t\t\n\t\t\t\t\n\t\t\t\t\n\t\t\t\t<div class=\"et_pb_module_inner\">\n\t\t\t\t\t<div class=\"animated_text_wrapper dipl-wave\">\n\t\t\t\t<h2>\n\t\t\t\t\n\t\t\t\t<span\n\t\t\t\t\t\t\t\t     class=\"animated_text dipl_main_part\" \n\t\t\t\t\t\t\t\t     data-wait-time=\"2000\"\n\t\t\t\t\t\t\t\t     data-animation-time=\"500\"\n\t\t\t\t\t\t\t\t     data-text=\"Komisioniranje\"\n\t\t\t\t\t\t\t\t     data-stop-animation-on-hover=\"off\"\n\t\t\t\t\t\t\t\t     >Commissioning<\/span>\n\t\t\t\t\n\t\t\t\t<\/h2>\n\t\t\t<\/div>\n\t\t\t\t<\/div>\n\t\t\t<\/div>KVARK d.o.o. pru\u017ea usluge prikupljanja podataka snopa zra\u010denja koje emituje akcelerator, pu\u0161tanje u rad akceleratora i verifikaciju, odnosno, usluge poznatije pod nazivom komisioniranje.Na\u0161 tim je upoznat sa svim glavnim dobavlja\u010dima opreme i visoko kvalifikovan za \u00a0samo pode\u0161avanje opreme pre pu\u0161tanja u rad sa pacijentima. Sva prikupljanja [&hellip;]<\/p>","protected":false},"author":4,"featured_media":0,"parent":0,"menu_order":0,"comment_status":"closed","ping_status":"closed","template":"","meta":{"_acf_changed":false,"_et_pb_use_builder":"on","_et_pb_old_content":"<!-- wp:divi\/placeholder \/-->","_et_gb_content_width":"","_monsterinsights_skip_tracking":false,"_monsterinsights_sitenote_active":false,"_monsterinsights_sitenote_note":"","_monsterinsights_sitenote_category":0,"footnotes":""},"class_list":["post-19306","page","type-page","status-publish","hentry"],"acf":[],"aioseo_notices":[],"jetpack_sharing_enabled":true,"_links":{"self":[{"href":"https:\/\/kvark.rs\/en\/wp-json\/wp\/v2\/pages\/19306","targetHints":{"allow":["GET"]}}],"collection":[{"href":"https:\/\/kvark.rs\/en\/wp-json\/wp\/v2\/pages"}],"about":[{"href":"https:\/\/kvark.rs\/en\/wp-json\/wp\/v2\/types\/page"}],"author":[{"embeddable":true,"href":"https:\/\/kvark.rs\/en\/wp-json\/wp\/v2\/users\/4"}],"replies":[{"embeddable":true,"href":"https:\/\/kvark.rs\/en\/wp-json\/wp\/v2\/comments?post=19306"}],"version-history":[{"count":6,"href":"https:\/\/kvark.rs\/en\/wp-json\/wp\/v2\/pages\/19306\/revisions"}],"predecessor-version":[{"id":23524,"href":"https:\/\/kvark.rs\/en\/wp-json\/wp\/v2\/pages\/19306\/revisions\/23524"}],"wp:attachment":[{"href":"https:\/\/kvark.rs\/en\/wp-json\/wp\/v2\/media?parent=19306"}],"curies":[{"name":"wp","href":"https:\/\/api.w.org\/{rel}","templated":true}]}}