{"id":17507,"date":"2021-10-13T08:40:57","date_gmt":"2021-10-13T08:40:57","guid":{"rendered":"http:\/\/kvark.rs\/?page_id=17507"},"modified":"2023-10-31T15:15:03","modified_gmt":"2023-10-31T15:15:03","slug":"dokumenta","status":"publish","type":"page","link":"https:\/\/kvark.rs\/en\/dokumenta\/","title":{"rendered":"Documents"},"content":{"rendered":"[et_pb_section fb_built=&#8220;1&#8243; module_class=&#8220;cs-service-hero&#8220; _builder_version=&#8220;4.20.4&#8243; _module_preset=&#8220;default&#8220; background_image=&#8220;https:\/\/kvark.rs\/wp-content\/uploads\/2021\/10\/documentation.webp&#8220; height=&#8220;90vh&#8220; hover_enabled=&#8220;0&#8243; global_colors_info=&#8220;{}&#8220; use_background_color_gradient=&#8220;on&#8220; background_color_gradient_stops=&#8220;rgba(46,48,146,0.5) 50%|rgba(255,255,255,0) 50%&#8220; background_color_gradient_direction=&#8220;90deg&#8220; background_last_edited=&#8220;on|desktop&#8220; sticky_enabled=&#8220;0&#8243; background_color_gradient_stops_phone=&#8220;rgba(46,48,146,0.5) 100%|rgba(255,255,255,0) 100%&#8220; use_background_color_gradient_phone=&#8220;on&#8220; background_blend=&#8220;overlay&#8220; height_last_edited=&#8220;on|phone&#8220; height_tablet=&#8220;90px&#8220; height_phone=&#8220;250px&#8220;][et_pb_row _builder_version=&#8220;4.16&#8243; _module_preset=&#8220;default&#8220; positioning=&#8220;absolute&#8220; position_origin_a=&#8220;center_left&#8220; width=&#8220;60%&#8220; height=&#8220;100%&#8220; custom_padding=&#8220;5%|5%|5%|5%|true|true&#8220; global_colors_info=&#8220;{}&#8220;][et_pb_column type=&#8220;4_4&#8243; _builder_version=&#8220;4.16&#8243; _module_preset=&#8220;default&#8220; global_colors_info=&#8220;{}&#8220;][\/et_pb_column][\/et_pb_row][et_pb_row _builder_version=&#8220;4.16&#8243; _module_preset=&#8220;default&#8220; positioning=&#8220;absolute&#8220; position_origin_a=&#8220;bottom_left&#8220; width=&#8220;50%&#8220; width_tablet=&#8220;50%&#8220; width_phone=&#8220;100vw&#8220; width_last_edited=&#8220;on|phone&#8220; max_width=&#8220;100vw&#8220; custom_margin=&#8220;||||false|false&#8220; custom_margin_tablet=&#8220;||||false|false&#8220; custom_margin_phone=&#8220;||20%||false|false&#8220; custom_margin_last_edited=&#8220;on|phone&#8220; custom_padding=&#8220;||10%|10%|false|false&#8220; hover_enabled=&#8220;0&#8243; global_colors_info=&#8220;{}&#8220; sticky_enabled=&#8220;0&#8243; locked=&#8220;off&#8220;][et_pb_column type=&#8220;4_4&#8243; _builder_version=&#8220;4.16&#8243; _module_preset=&#8220;default&#8220; global_colors_info=&#8220;{}&#8220;][et_pb_text _builder_version=&#8220;4.16&#8243; _module_preset=&#8220;default&#8220; positioning=&#8220;absolute&#8220; position_origin_a=&#8220;bottom_left&#8220; width=&#8220;100%&#8220; global_colors_info=&#8220;{}&#8220; admin_label=&#8220;Tekst&#8220;]<h1>Our documentation<\/h1>[\/et_pb_text][\/et_pb_column][\/et_pb_row][\/et_pb_section][et_pb_section fb_built=&#8220;1&#8243; _builder_version=&#8220;4.16&#8243; _module_preset=&#8220;default&#8220; global_colors_info=&#8220;{}&#8220;][et_pb_row module_class=&#8220;cs-pdf-button-adjustment&#8220; _builder_version=&#8220;4.16&#8243; _module_preset=&#8220;default&#8220; global_colors_info=&#8220;{}&#8220;][et_pb_column type=&#8220;4_4&#8243; _builder_version=&#8220;4.16&#8243; _module_preset=&#8220;default&#8220; global_colors_info=&#8220;{}&#8220;][et_pb_text module_class=&#8220;cs-main-heading subheading dark&#8220; _builder_version=&#8220;4.20.4&#8243; _module_preset=&#8220;default&#8220; text_font=&#8220;Poppins|500|||||||&#8220; text_text_color=&#8220;gcid-c3eac8fa-242d-4e23-a38b-4651196071fe&#8220; text_font_size=&#8220;20px&#8220; hover_enabled=&#8220;0&#8243; locked=&#8220;off&#8220; global_colors_info=&#8220;{%22gcid-c3eac8fa-242d-4e23-a38b-4651196071fe%22:%91%22text_text_color%22%93}&#8220; sticky_enabled=&#8220;0&#8243;]<p style=\"text-align: left;\">KVARK DOO - identification data<\/p>[\/et_pb_text][et_pb_de_mach_archive_loop post_type_choose=&#8220;dokumentacija&#8220; loop_layout=&#8220;16619&#8243; include_cats=&#8220;kvark-d-o-o-podaci-za-identifikaciju&#8220; _builder_version=&#8220;4.16&#8243; _module_preset=&#8220;default&#8220; hover_enabled=&#8220;0&#8243; global_colors_info=&#8220;{}&#8220; sticky_enabled=&#8220;0&#8243;][\/et_pb_de_mach_archive_loop][\/et_pb_column][\/et_pb_row][\/et_pb_section][et_pb_section fb_built=&#8220;1&#8243; prev_background_color=&#8220;#ffffff&#8220; _builder_version=&#8220;4.16&#8243; _module_preset=&#8220;default&#8220; background_color=&#8220;gcid-1da049c7-c657-4f41-bb4c-7ebbdce39950&#8243; top_divider_style=&#8220;slant2&#8243; global_colors_info=&#8220;{%22gcid-1da049c7-c657-4f41-bb4c-7ebbdce39950%22:%91%22background_color%22%93}&#8220;][et_pb_row _builder_version=&#8220;4.16&#8243; _module_preset=&#8220;default&#8220; global_colors_info=&#8220;{}&#8220;][et_pb_column type=&#8220;4_4&#8243; _builder_version=&#8220;4.16&#8243; _module_preset=&#8220;default&#8220; global_colors_info=&#8220;{}&#8220;][et_pb_text module_class=&#8220;cs-main-heading subheading dark&#8220; _builder_version=&#8220;4.20.4&#8243; _module_preset=&#8220;default&#8220; text_font=&#8220;Poppins|500|||||||&#8220; text_text_color=&#8220;gcid-c3eac8fa-242d-4e23-a38b-4651196071fe&#8220; text_font_size=&#8220;20px&#8220; hover_enabled=&#8220;0&#8243; locked=&#8220;off&#8220; global_colors_info=&#8220;{%22gcid-c3eac8fa-242d-4e23-a38b-4651196071fe%22:%91%22text_text_color%22%93}&#8220; sticky_enabled=&#8220;0&#8243;]<p style=\"text-align: left;\">State authorizations issued by the Agency for Ionizing Radiation Protection and Nuclear Safety of Serbia<\/p>[\/et_pb_text][et_pb_de_mach_archive_loop post_type_choose=&#8220;dokumentacija&#8220; loop_layout=&#8220;16619&#8243; include_cats=&#8220;drzavna-ovlascenja-izdata-od-strane-agencije-za-zastitu-od-jonizujucih-zracenja-i-nuklearnu-sigurnost-srbije&#8220; columns=&#8220;2&#8243; _builder_version=&#8220;4.20.4&#8243; _module_preset=&#8220;default&#8220; hover_enabled=&#8220;0&#8243; global_colors_info=&#8220;{}&#8220; background_color=&#8220;RGBA(255,255,255,0)&#8220; sticky_enabled=&#8220;0&#8243;][\/et_pb_de_mach_archive_loop][\/et_pb_column][\/et_pb_row][\/et_pb_section][et_pb_section fb_built=&#8220;1&#8243; custom_padding_last_edited=&#8220;on|phone&#8220; _builder_version=&#8220;4.16&#8243; _module_preset=&#8220;default&#8220; background_image=&#8220;https:\/\/kvark.rs\/wp-content\/uploads\/2021\/10\/pexels-chokniti-khongchum-3938023-scaled.jpg&#8220; parallax=&#8220;on&#8220; custom_padding=&#8220;10%||10%||true|false&#8220; custom_padding_tablet=&#8220;&#8220; custom_padding_phone=&#8220;25%||25%||true|false&#8220; top_divider_style=&#8220;arrow3&#8243; top_divider_color=&#8220;gcid-1da049c7-c657-4f41-bb4c-7ebbdce39950&#8243; top_divider_arrangement=&#8220;above_content&#8220; bottom_divider_style=&#8220;arrow3&#8243; bottom_divider_color=&#8220;gcid-4bb1ac01-298a-4fb8-83d3-28e9b517cd21&#8243; bottom_divider_arrangement=&#8220;above_content&#8220; global_colors_info=&#8220;{%22gcid-4bb1ac01-298a-4fb8-83d3-28e9b517cd21%22:%91%22bottom_divider_color%22%93}&#8220;][et_pb_row make_equal=&#8220;on&#8220; custom_padding_last_edited=&#8220;on|phone&#8220; admin_label=&#8220;Overlay&#8220; _builder_version=&#8220;4.16&#8243; _module_preset=&#8220;default&#8220; background_color=&#8220;rgba(0,0,0,0.91)&#8220; positioning=&#8220;absolute&#8220; width=&#8220;100%&#8220; max_width=&#8220;100vw&#8220; height=&#8220;100%&#8220; custom_padding_tablet=&#8220;&#8220; custom_padding_phone=&#8220;||||true|false&#8220; global_colors_info=&#8220;{}&#8220;][et_pb_column type=&#8220;4_4&#8243; _builder_version=&#8220;4.16&#8243; _module_preset=&#8220;default&#8220; global_colors_info=&#8220;{}&#8220;][\/et_pb_column][\/et_pb_row][et_pb_row module_class=&#8220;cs-coat-of-arms-row&#8220; _builder_version=&#8220;4.16&#8243; _module_preset=&#8220;default&#8220; global_colors_info=&#8220;{}&#8220;][et_pb_column type=&#8220;4_4&#8243; _builder_version=&#8220;4.16&#8243; _module_preset=&#8220;default&#8220; global_colors_info=&#8220;{}&#8220;][et_pb_text module_class=&#8220;cs-main-heading subheading dark&#8220; _builder_version=&#8220;4.20.4&#8243; _module_preset=&#8220;default&#8220; text_font=&#8220;Poppins|500|||||||&#8220; text_text_color=&#8220;#FFFFFF&#8220; text_font_size=&#8220;20px&#8220; hover_enabled=&#8220;0&#8243; locked=&#8220;off&#8220; global_colors_info=&#8220;{}&#8220; sticky_enabled=&#8220;0&#8243;]<p style=\"text-align: left;\">State Solution for Wholesale of Medical Devices<\/p>[\/et_pb_text][\/et_pb_column][\/et_pb_row][et_pb_row module_class=&#8220;cs-coat-of-arms-row&#8220; _builder_version=&#8220;4.16&#8243; _module_preset=&#8220;default&#8220; global_colors_info=&#8220;{}&#8220;][et_pb_column type=&#8220;4_4&#8243; _builder_version=&#8220;4.16&#8243; _module_preset=&#8220;default&#8220; global_colors_info=&#8220;{}&#8220;][et_pb_de_mach_archive_loop post_type_choose=&#8220;dokumentacija&#8220; loop_layout=&#8220;16619&#8243; include_cats=&#8220;drzavno-resenje-za-promet-medicinskih-sredstava-na-veliko&#8220; button_alignment=&#8220;center&#8220; module_class=&#8220;cs-document-medical-loop&#8220; _builder_version=&#8220;4.20.4&#8243; _module_preset=&#8220;default&#8220; hover_enabled=&#8220;0&#8243; global_colors_info=&#8220;{}&#8220; background_color=&#8220;RGBA(255,255,255,0)&#8220; sticky_enabled=&#8220;0&#8243;][\/et_pb_de_mach_archive_loop][\/et_pb_column][\/et_pb_row][\/et_pb_section][et_pb_section fb_built=&#8220;1&#8243; _builder_version=&#8220;4.16&#8243; _module_preset=&#8220;default&#8220; background_color=&#8220;gcid-4bb1ac01-298a-4fb8-83d3-28e9b517cd21&#8243; top_divider_height=&#8220;50px&#8220; top_divider_flip=&#8220;vertical&#8220; global_colors_info=&#8220;{%22gcid-4bb1ac01-298a-4fb8-83d3-28e9b517cd21%22:%91%22background_color%22%93}&#8220;][et_pb_row _builder_version=&#8220;4.16&#8243; _module_preset=&#8220;default&#8220; global_colors_info=&#8220;{}&#8220;][et_pb_column type=&#8220;4_4&#8243; _builder_version=&#8220;4.16&#8243; _module_preset=&#8220;default&#8220; global_colors_info=&#8220;{}&#8220;][et_pb_text module_class=&#8220;cs-main-heading subheading dark&#8220; _builder_version=&#8220;4.20.4&#8243; _module_preset=&#8220;default&#8220; text_font=&#8220;Poppins|500|||||||&#8220; text_text_color=&#8220;gcid-c3eac8fa-242d-4e23-a38b-4651196071fe&#8220; text_font_size=&#8220;20px&#8220; hover_enabled=&#8220;0&#8243; locked=&#8220;off&#8220; global_colors_info=&#8220;{%22gcid-c3eac8fa-242d-4e23-a38b-4651196071fe%22:%91%22text_text_color%22%93}&#8220; sticky_enabled=&#8220;0&#8243;]<p style=\"text-align: left;\">ISO 17025: 2006 testing laboratory<\/p>[\/et_pb_text][et_pb_de_mach_archive_loop post_type_choose=&#8220;dokumentacija&#8220; loop_layout=&#8220;16619&#8243; include_cats=&#8220;laboratorija-za-ispitivanje-iso-170252006&#8243; columns=&#8220;3&#8243; _builder_version=&#8220;4.16&#8243; _module_preset=&#8220;default&#8220; global_colors_info=&#8220;{}&#8220;][\/et_pb_de_mach_archive_loop][\/et_pb_column][\/et_pb_row][et_pb_row _builder_version=&#8220;4.16&#8243; _module_preset=&#8220;default&#8220; global_colors_info=&#8220;{}&#8220;][et_pb_column type=&#8220;4_4&#8243; _builder_version=&#8220;4.16&#8243; _module_preset=&#8220;default&#8220; global_colors_info=&#8220;{}&#8220;][et_pb_text module_class=&#8220;cs-main-heading subheading dark&#8220; _builder_version=&#8220;4.20.4&#8243; _module_preset=&#8220;default&#8220; text_font=&#8220;Poppins|500|||||||&#8220; text_text_color=&#8220;gcid-c3eac8fa-242d-4e23-a38b-4651196071fe&#8220; text_font_size=&#8220;20px&#8220; hover_enabled=&#8220;0&#8243; locked=&#8220;off&#8220; global_colors_info=&#8220;{%22gcid-c3eac8fa-242d-4e23-a38b-4651196071fe%22:%91%22text_text_color%22%93}&#8220; sticky_enabled=&#8220;0&#8243;]<p style=\"text-align: left;\">ISO 9001: 2008<\/p>[\/et_pb_text][et_pb_de_mach_archive_loop post_type_choose=&#8220;dokumentacija&#8220; loop_layout=&#8220;16619&#8243; include_cats=&#8220;iso-90012008&#8243; _builder_version=&#8220;4.16&#8243; _module_preset=&#8220;default&#8220; global_colors_info=&#8220;{}&#8220;][\/et_pb_de_mach_archive_loop][\/et_pb_column][\/et_pb_row][\/et_pb_section]","protected":false},"excerpt":{"rendered":"<p>Na\u0161a dokumentacijaKVARK D.O.O. &#8211; podaci za identifikacijuDr\u017eavna ovla\u0161cenja izdata od strane Agencije za za\u0161titu od jonizuju\u0107ih zra\u010denja i nuklearnu sigurnost SrbijeDr\u017eavno Re\u0161enje za promet medicinskih sredstava na velikoLaboratorija za ispitivanje ISO 17025:2006ISO 9001:2008<\/p>","protected":false},"author":4,"featured_media":0,"parent":0,"menu_order":0,"comment_status":"closed","ping_status":"closed","template":"","meta":{"_acf_changed":false,"_et_pb_use_builder":"on","_et_pb_old_content":"","_et_gb_content_width":"","_monsterinsights_skip_tracking":false,"_monsterinsights_sitenote_active":false,"_monsterinsights_sitenote_note":"","_monsterinsights_sitenote_category":0,"footnotes":""},"class_list":["post-17507","page","type-page","status-publish","hentry"],"acf":[],"aioseo_notices":[],"jetpack_sharing_enabled":true,"_links":{"self":[{"href":"https:\/\/kvark.rs\/en\/wp-json\/wp\/v2\/pages\/17507","targetHints":{"allow":["GET"]}}],"collection":[{"href":"https:\/\/kvark.rs\/en\/wp-json\/wp\/v2\/pages"}],"about":[{"href":"https:\/\/kvark.rs\/en\/wp-json\/wp\/v2\/types\/page"}],"author":[{"embeddable":true,"href":"https:\/\/kvark.rs\/en\/wp-json\/wp\/v2\/users\/4"}],"replies":[{"embeddable":true,"href":"https:\/\/kvark.rs\/en\/wp-json\/wp\/v2\/comments?post=17507"}],"version-history":[{"count":3,"href":"https:\/\/kvark.rs\/en\/wp-json\/wp\/v2\/pages\/17507\/revisions"}],"predecessor-version":[{"id":23604,"href":"https:\/\/kvark.rs\/en\/wp-json\/wp\/v2\/pages\/17507\/revisions\/23604"}],"wp:attachment":[{"href":"https:\/\/kvark.rs\/en\/wp-json\/wp\/v2\/media?parent=17507"}],"curies":[{"name":"wp","href":"https:\/\/api.w.org\/{rel}","templated":true}]}}