{"id":16681,"date":"2021-10-06T09:49:37","date_gmt":"2021-10-06T09:49:37","guid":{"rendered":"http:\/\/kvark.rs\/?page_id=16681"},"modified":"2023-11-28T16:08:47","modified_gmt":"2023-11-28T16:08:47","slug":"servisiranje-opreme-iz-oblasti-medicine","status":"publish","type":"page","link":"https:\/\/kvark.rs\/en\/servisiranje-opreme-iz-oblasti-medicine\/","title":{"rendered":"Servicing equipment in the field of medicine"},"content":{"rendered":"<p>[et_pb_section fb_built=&#8220;1&#8243; module_class=&#8220;cs-service-hero&#8220; _builder_version=&#8220;4.20.4&#8243; _module_preset=&#8220;default&#8220; use_background_color_gradient=&#8220;on&#8220; background_color_gradient_direction=&#8220;90deg&#8220; background_color_gradient_stops=&#8220;rgba(46,48,146,0.5) 50%|rgba(255,255,255,0) 50%&#8220; background_image=&#8220;https:\/\/kvark.rs\/wp-content\/uploads\/2021\/10\/servisiranje-opreme-iz-oblasti-medicine-4.webp&#8220; background_blend=&#8220;overlay&#8220; height=&#8220;90vh&#8220; height_tablet=&#8220;90vh&#8220; height_phone=&#8220;250px&#8220; height_last_edited=&#8220;on|phone&#8220; background_last_edited=&#8220;on|desktop&#8220; use_background_color_gradient_phone=&#8220;on&#8220; background_color_gradient_stops_phone=&#8220;rgba(46,48,146,0.5) 100%|rgba(255,255,255,0) 100%&#8220; background_blend_phone=&#8220;overlay&#8220; global_colors_info=&#8220;{}&#8220;][et_pb_row _builder_version=&#8220;4.16&#8243; _module_preset=&#8220;default&#8220; positioning=&#8220;absolute&#8220; position_origin_a=&#8220;center_left&#8220; width=&#8220;60%&#8220; height=&#8220;100%&#8220; custom_padding=&#8220;5%|10%|5%|10%|true|true&#8220; global_colors_info=&#8220;{}&#8220;][et_pb_column type=&#8220;4_4&#8243; _builder_version=&#8220;4.16&#8243; _module_preset=&#8220;default&#8220; global_colors_info=&#8220;{}&#8220;][\/et_pb_column][\/et_pb_row][et_pb_row _builder_version=&#8220;4.16&#8243; _module_preset=&#8220;default&#8220; positioning=&#8220;absolute&#8220; position_origin_a=&#8220;bottom_left&#8220; width=&#8220;50%&#8220; width_tablet=&#8220;50%&#8220; width_phone=&#8220;100vw&#8220; width_last_edited=&#8220;on|phone&#8220; max_width=&#8220;100vw&#8220; custom_margin=&#8220;||||false|false&#8220; custom_margin_tablet=&#8220;||||false|false&#8220; custom_margin_phone=&#8220;||20%||false|false&#8220; custom_margin_last_edited=&#8220;on|phone&#8220; custom_padding=&#8220;||10%|10%|false|false&#8220; locked=&#8220;off&#8220; global_colors_info=&#8220;{}&#8220;][et_pb_column type=&#8220;4_4&#8243; _builder_version=&#8220;4.16&#8243; _module_preset=&#8220;default&#8220; global_colors_info=&#8220;{}&#8220;][et_pb_post_title meta=&#8220;off&#8220; featured_image=&#8220;off&#8220; module_class=&#8220;cs-main-heading light&#8220; _builder_version=&#8220;4.20.4&#8243; _module_preset=&#8220;default&#8220; width=&#8220;90%&#8220; title_font_size_tablet=&#8220;28px&#8220; title_font_size_phone=&#8220;28px&#8220; title_font_size_last_edited=&#8220;on|phone&#8220; global_colors_info=&#8220;{}&#8220;][\/et_pb_post_title][\/et_pb_column][\/et_pb_row][\/et_pb_section][et_pb_section fb_built=&#8220;1&#8243; custom_padding_last_edited=&#8220;on|phone&#8220; disabled_on=&#8220;off|off|off&#8220; admin_label=&#8220;Services&#8220; _builder_version=&#8220;4.16&#8243; _module_preset=&#8220;default&#8220; custom_padding=&#8220;||100px||false|false&#8220; custom_padding_tablet=&#8220;&#8220; custom_padding_phone=&#8220;||||false|false&#8220; collapsed=&#8220;off&#8220; global_colors_info=&#8220;{}&#8220;][et_pb_row column_structure=&#8220;1_2,1_2&#8243; make_equal=&#8220;on&#8220; module_class=&#8220;cs-row-column-center&#8220; _builder_version=&#8220;4.16&#8243; _module_preset=&#8220;default&#8220; z_index=&#8220;3&#8243; custom_margin=&#8220;0px||0px||false|false&#8220; custom_padding=&#8220;0px||0px||false|false&#8220; global_colors_info=&#8220;{}&#8220;][et_pb_column type=&#8220;1_2&#8243; _builder_version=&#8220;4.16&#8243; _module_preset=&#8220;default&#8220; global_colors_info=&#8220;{}&#8220;][et_pb_text module_class=&#8220;cs-main-heading subheading dark&#8220; _builder_version=&#8220;4.20.4&#8243; _module_preset=&#8220;default&#8220; text_font=&#8220;Poppins|500|||||||&#8220; text_text_color=&#8220;gcid-c3eac8fa-242d-4e23-a38b-4651196071fe&#8220; text_font_size=&#8220;20px&#8220; locked=&#8220;off&#8220; global_colors_info=&#8220;{%22gcid-c3eac8fa-242d-4e23-a38b-4651196071fe%22:%91%22text_text_color%22%93}&#8220;]<\/p>\n<p style=\"text-align: left;\">Certified service engineers<\/p>\n<p>[\/et_pb_text][et_pb_text _builder_version=&#8220;4.16&#8243; _module_preset=&#8220;default&#8220; text_font=&#8220;Montserrat|300|||||||&#8220; text_text_color=&#8220;gcid-c3eac8fa-242d-4e23-a38b-4651196071fe&#8220; text_line_height=&#8220;1.4em&#8220; header_text_align=&#8220;right&#8220; max_width=&#8220;100%&#8220; module_alignment=&#8220;left&#8220; custom_margin=&#8220;||0px||false|false&#8220; global_colors_info=&#8220;{%22gcid-c3eac8fa-242d-4e23-a38b-4651196071fe%22:%91%22text_text_color%22%93}&#8220;]<\/p>\n<p>Our company has a team composed of certified service engineers with many years of experience. After installation, we provide our customers with the following services:<\/p>\n<p>[\/et_pb_text][dsm_icon_list icon_color=&#8220;gcid-4b7e3699-25e1-4eaa-bbba-909d10cc2bf7&#8243; _builder_version=&#8220;4.16&#8243; _module_preset=&#8220;default&#8220; global_colors_info=&#8220;{%22gcid-4b7e3699-25e1-4eaa-bbba-909d10cc2bf7%22:%91%22icon_color%22%93}&#8220;][dsm_icon_list_child text=&#8220;Preventivnog odr\u017eavanja&#8220; icon_color=&#8220;gcid-4b7e3699-25e1-4eaa-bbba-909d10cc2bf7&#8243; icon_font_size=&#8220;18px&#8220; _builder_version=&#8220;4.16&#8243; _module_preset=&#8220;default&#8220; text_font=&#8220;Montserrat|600|||||||&#8220; global_colors_info=&#8220;{%22gcid-4b7e3699-25e1-4eaa-bbba-909d10cc2bf7%22:%91%22icon_color%22%93}&#8220;][\/dsm_icon_list_child][dsm_icon_list_child text=&#8220;Servisiranja opreme&#8220; icon_color=&#8220;gcid-4b7e3699-25e1-4eaa-bbba-909d10cc2bf7&#8243; icon_font_size=&#8220;18px&#8220; _builder_version=&#8220;4.16&#8243; _module_preset=&#8220;default&#8220; text_font=&#8220;Montserrat|600|||||||&#8220; global_colors_info=&#8220;{%22gcid-4b7e3699-25e1-4eaa-bbba-909d10cc2bf7%22:%91%22icon_color%22%93}&#8220;][\/dsm_icon_list_child][dsm_icon_list_child text=&#8220;Pode\u0161avanja i kalibracije opreme&#8220; icon_color=&#8220;gcid-4b7e3699-25e1-4eaa-bbba-909d10cc2bf7&#8243; icon_font_size=&#8220;18px&#8220; _builder_version=&#8220;4.16&#8243; _module_preset=&#8220;default&#8220; text_font=&#8220;Montserrat|600|||||||&#8220; global_colors_info=&#8220;{%22gcid-4b7e3699-25e1-4eaa-bbba-909d10cc2bf7%22:%91%22icon_color%22%93}&#8220;][\/dsm_icon_list_child][\/dsm_icon_list][et_pb_text _builder_version=&#8220;4.16&#8243; _module_preset=&#8220;default&#8220; text_font=&#8220;Montserrat|300|||||||&#8220; text_text_color=&#8220;gcid-c3eac8fa-242d-4e23-a38b-4651196071fe&#8220; text_line_height=&#8220;1.4em&#8220; header_text_align=&#8220;right&#8220; max_width=&#8220;100%&#8220; module_alignment=&#8220;left&#8220; global_colors_info=&#8220;{%22gcid-c3eac8fa-242d-4e23-a38b-4651196071fe%22:%91%22text_text_color%22%93}&#8220;]<\/p>\n<p>Only original spare parts, state-of-the-art tools and instruments that are regularly calibrated are used for servicing. We are also here to provide professional support in our daily work with installed equipment.<\/p>\n<p><span><span style=\"color: #e02b20;\"><strong>WE TAKE CARE OF THE DELIVERED EQUIPMENT AND RESPOND QUICKLY TO THE REQUEST OF END USERS<\/strong><\/span><\/span><\/p>\n<p><span><\/span><\/p>\n<p>[\/et_pb_text][et_pb_button button_url=&#8220;@ET-DC@eyJkeW5hbWljIjp0cnVlLCJjb250ZW50IjoicG9zdF9saW5rX3VybF9wYWdlIiwic2V0dGluZ3MiOnsicG9zdF9pZCI6IjE3NTM4In19@&#8220; button_text=&#8220;Kontaktiraj nas&#8220; module_class=&#8220;cs-main-button dark cs-contact-icon&#8220; _builder_version=&#8220;4.20.4&#8243; _dynamic_attributes=&#8220;button_url&#8220; _module_preset=&#8220;default&#8220; hover_enabled=&#8220;0&#8243; global_colors_info=&#8220;{}&#8220; sticky_enabled=&#8220;0&#8243; custom_button=&#8220;on&#8220; button_text_color=&#8220;#000000&#8243; button_text_size=&#8220;20px&#8220; button_font=&#8220;Poppins|500|||||||&#8220; button_icon=&#8220;&#xf111;||fa||900&#8243; button_icon_color=&#8220;#E02B20&#8243; button_icon_placement=&#8220;left&#8220; button_on_hover=&#8220;off&#8220;][\/et_pb_button][\/et_pb_column][et_pb_column type=&#8220;1_2&#8243; _builder_version=&#8220;4.16&#8243; _module_preset=&#8220;default&#8220; global_colors_info=&#8220;{}&#8220;][dsm_image_carousel gallery_ids=&#8220;19170,19169,19167,19165,19671,19672,19673,19674&#8243; slider_effect=&#8220;coverflow&#8220; slider_effect_coverflow_depth=&#8220;200&#8243; centered_slides=&#8220;on&#8220; slide_to_show=&#8220;2&#8243; autoplay_speed=&#8220;5000&#8243; space_between=&#8220;5&#8243; dots=&#8220;off&#8220; show_lightbox=&#8220;on&#8220; show_lightbox_gallery=&#8220;on&#8220; arrow_color=&#8220;gcid-4bb1ac01-298a-4fb8-83d3-28e9b517cd21&#8243; module_class=&#8220;cs-service-carousel&#8220; _builder_version=&#8220;4.16&#8243; _module_preset=&#8220;default&#8220; global_colors_info=&#8220;{%22gcid-4bb1ac01-298a-4fb8-83d3-28e9b517cd21%22:%91%22arrow_color%22%93}&#8220;][\/dsm_image_carousel][\/et_pb_column][\/et_pb_row][\/et_pb_section][et_pb_section fb_built=&#8220;1&#8243; prev_background_color=&#8220;#ffffff&#8220; _builder_version=&#8220;4.16&#8243; _module_preset=&#8220;default&#8220; background_color=&#8220;gcid-1da049c7-c657-4f41-bb4c-7ebbdce39950&#8243; background_enable_image=&#8220;off&#8220; parallax=&#8220;on&#8220; custom_margin=&#8220;||||false|false&#8220; custom_padding=&#8220;5%||10%||false|false&#8220; top_divider_style=&#8220;ramp2&#8243; top_divider_height=&#8220;200px&#8220; top_divider_flip=&#8220;vertical|horizontal&#8220; bottom_divider_style=&#8220;ramp2&#8243; bottom_divider_color=&#8220;gcid-c3eac8fa-242d-4e23-a38b-4651196071fe&#8220; bottom_divider_height=&#8220;200px&#8220; locked=&#8220;off&#8220; global_colors_info=&#8220;{%22gcid-c3eac8fa-242d-4e23-a38b-4651196071fe%22:%91%22bottom_divider_color%22%93}&#8220;][et_pb_row column_structure=&#8220;1_2,1_2&#8243; module_class=&#8220;cs-service-flex-row cs-flex-column-reverse&#8220; _builder_version=&#8220;4.16&#8243; _module_preset=&#8220;default&#8220; custom_margin=&#8220;5%||5%||true|false&#8220; global_colors_info=&#8220;{}&#8220;][et_pb_column type=&#8220;1_2&#8243; _builder_version=&#8220;4.16&#8243; _module_preset=&#8220;default&#8220; global_colors_info=&#8220;{}&#8220;][dsm_tilt_image src=&#8220;https:\/\/kvark.rs\/wp-content\/uploads\/2021\/10\/servisiranje-opreme-iz-oblasti-medicine-3.webp&#8220; title_text=&#8220;servisiranje-opreme-iz-oblasti-medicine-3&#8243; dsm_tilt_mobile=&#8220;on&#8220; dsm_use_glare=&#8220;on&#8220; dsm_overlay_color=&#8220;rgba(46,48,146,0.5)&#8220; module_class=&#8220;cs-responsive-image cs-larger-responsive-image&#8220; _builder_version=&#8220;4.16&#8243; _module_preset=&#8220;default&#8220; width=&#8220;94%&#8220; global_colors_info=&#8220;{}&#8220;][\/dsm_tilt_image][\/et_pb_column][et_pb_column type=&#8220;1_2&#8243; _builder_version=&#8220;4.16&#8243; _module_preset=&#8220;default&#8220; custom_padding_tablet=&#8220;||30px||false|false&#8220; custom_padding_phone=&#8220;||30px||false|false&#8220; custom_padding_last_edited=&#8220;on|tablet&#8220; global_colors_info=&#8220;{}&#8220;][et_pb_text module_class=&#8220;cs-main-heading subheading dark&#8220; _builder_version=&#8220;4.20.4&#8243; _module_preset=&#8220;default&#8220; text_font=&#8220;Poppins|500|||||||&#8220; text_text_color=&#8220;gcid-c3eac8fa-242d-4e23-a38b-4651196071fe&#8220; text_font_size=&#8220;20px&#8220; locked=&#8220;off&#8220; global_colors_info=&#8220;{%22gcid-c3eac8fa-242d-4e23-a38b-4651196071fe%22:%91%22text_text_color%22%93}&#8220;]<\/p>\n<p style=\"text-align: left;\"><span>Education and training<\/span><\/p>\n<p>[\/et_pb_text][et_pb_text _builder_version=&#8220;4.16&#8243; _module_preset=&#8220;default&#8220; text_font=&#8220;Montserrat|300|||||||&#8220; text_text_color=&#8220;#fafafa&#8220; link_font=&#8220;|600|||||||&#8220; link_text_color=&#8220;gcid-4b7e3699-25e1-4eaa-bbba-909d10cc2bf7&#8243; header_text_align=&#8220;right&#8220; global_colors_info=&#8220;{%22gcid-4b7e3699-25e1-4eaa-bbba-909d10cc2bf7%22:%91%22link_text_color%22%93}&#8220;]<\/p>\n<p>Our engineers are provided with continuous technical training in the training centers of equipment manufacturers and are in constant contact with international teams of service engineers.<\/p>\n<p>Our service technicians undergo all the necessary training by the manufacturer and our equipment partners.<\/p>\n<p>[\/et_pb_text][\/et_pb_column][\/et_pb_row][et_pb_row column_structure=&#8220;1_2,1_2&#8243; make_equal=&#8220;on&#8220; module_class=&#8220;cs-row-column-center&#8220; _builder_version=&#8220;4.20.4&#8243; _module_preset=&#8220;default&#8220; custom_margin_tablet=&#8220;&#8220; custom_margin_phone=&#8220;-30px||||false|false&#8220; custom_margin_last_edited=&#8220;on|phone&#8220; global_colors_info=&#8220;{}&#8220;][et_pb_column type=&#8220;1_2&#8243; _builder_version=&#8220;4.16&#8243; _module_preset=&#8220;default&#8220; global_colors_info=&#8220;{}&#8220;][dsm_typing_effect typing_effect=&#8220;Za\u0161to izabrati nas?&#8220; typing_loop=&#8220;off&#8220; typing_remove_cursor=&#8220;on&#8220; typing_cursor_color=&#8220;gcid-4b7e3699-25e1-4eaa-bbba-909d10cc2bf7&#8243; _builder_version=&#8220;4.20.4&#8243; _module_preset=&#8220;default&#8220; typing_font=&#8220;Poppins|800||on|||||&#8220; typing_text_color=&#8220;gcid-4b7e3699-25e1-4eaa-bbba-909d10cc2bf7&#8243; typing_font_size=&#8220;18px&#8220; typing_letter_spacing=&#8220;-1px&#8220; custom_margin=&#8220;||-1px|||&#8220; locked=&#8220;off&#8220; global_colors_info=&#8220;{%22gcid-4b7e3699-25e1-4eaa-bbba-909d10cc2bf7%22:%91%22typing_cursor_color%22,%22typing_text_color%22%93}&#8220;][\/dsm_typing_effect][et_pb_code _builder_version=&#8220;4.20.4&#8243; _module_preset=&#8220;default&#8220; hover_enabled=&#8220;0&#8243; global_colors_info=&#8220;{}&#8220; sticky_enabled=&#8220;0&#8243;]<\/p>\n<ul class=\"cs-list-service light\"><!-- [et_pb_line_break_holder] --><\/p>\n<li>Our clients in the field of medicine are large clinical centers, so we try and strive to go out into the field and eliminate the defect as soon as possible.<\/li>\n<p><!-- [et_pb_line_break_holder] --><\/p>\n<li>We have a warehouse with a large stock of spare parts.<\/li>\n<p><!-- [et_pb_line_break_holder] --><\/p>\n<li>We can also offer installation and commissioning of CT scanners on a turnkey basis.<\/li>\n<p><!-- [et_pb_line_break_holder] --><\/p>\n<li>We are professionally trained and have certificates for the service of radioactivity detection portals in various types of industry, waste, landfills, nuclear plants and border crossings.<\/li>\n<p><!-- [et_pb_line_break_holder] --><\/ul>\n<p>[\/et_pb_code][\/et_pb_column][et_pb_column type=&#8220;1_2&#8243; _builder_version=&#8220;4.16&#8243; _module_preset=&#8220;default&#8220; global_colors_info=&#8220;{}&#8220;][dsm_tilt_image src=&#8220;https:\/\/kvark.rs\/wp-content\/uploads\/2021\/11\/repairing.webp&#8220; title_text=&#8220;repairing&#8220; dsm_tilt_mobile=&#8220;on&#8220; dsm_use_glare=&#8220;on&#8220; dsm_overlay_color=&#8220;rgba(46,48,146,0.5)&#8220; module_class=&#8220;cs-responsive-image cs-larger-responsive-image&#8220; _builder_version=&#8220;4.16&#8243; _module_preset=&#8220;default&#8220; width=&#8220;94%&#8220; global_colors_info=&#8220;{}&#8220;][\/dsm_tilt_image][\/et_pb_column][\/et_pb_row][\/et_pb_section]<\/p>","protected":false},"excerpt":{"rendered":"<p>Sertifikovani servisni in\u017eenjeriNa\u0161a kompanija poseduje tim sastavljen od sertifikovanih servisnih in\u017eenjera sa\u00a0 dugogodisnjim iskustvom . Na\u0161im korisnicima, nakon instalacije,\u00a0 pru\u017eamo usluge:<div class=\"et_pb_module dsm_icon_list dsm_icon_list_0\">\n\t\t\t\t\n\t\t\t\t\n\t\t\t\t\n\t\t\t\t\n\t\t\t\t\n\t\t\t\t\n\t\t\t\t<div class=\"et_pb_module_inner\">\n\t\t\t\t\t<ul class=\"dsm_icon_list_items\"><li class=\"dsm_icon_list_child dsm_icon_list_child_0\">\n\t\t\t\t\n\t\t\t\t\n\t\t\t\t\n\t\t\t\t\n\t\t\t\t<span class=\"dsm_icon_list_wrapper\"><span class=\"dsm_icon_list_icon\">P<\/span><\/span><span class=\"dsm_icon_list_text\">Preventive maintenance<\/span>\n\t\t\t<\/li><li class=\"dsm_icon_list_child dsm_icon_list_child_1\">\n\t\t\t\t\n\t\t\t\t\n\t\t\t\t\n\t\t\t\t\n\t\t\t\t<span class=\"dsm_icon_list_wrapper\"><span class=\"dsm_icon_list_icon\">P<\/span><\/span><span class=\"dsm_icon_list_text\">Equipment servicing<\/span>\n\t\t\t<\/li><li class=\"dsm_icon_list_child dsm_icon_list_child_2\">\n\t\t\t\t\n\t\t\t\t\n\t\t\t\t\n\t\t\t\t\n\t\t\t\t<span class=\"dsm_icon_list_wrapper\"><span class=\"dsm_icon_list_icon\">P<\/span><\/span><span class=\"dsm_icon_list_text\">Equipment adjustments and calibrations<\/span>\n\t\t\t<\/li><\/ul>\n\t\t\t\t<\/div>\n\t\t\t<\/div>Za servisiranje se koriste samo [&hellip;]<\/p>","protected":false},"author":4,"featured_media":0,"parent":0,"menu_order":0,"comment_status":"closed","ping_status":"closed","template":"","meta":{"_acf_changed":false,"_et_pb_use_builder":"on","_et_pb_old_content":"<!-- wp:divi\/placeholder \/-->","_et_gb_content_width":"","_monsterinsights_skip_tracking":false,"_monsterinsights_sitenote_active":false,"_monsterinsights_sitenote_note":"","_monsterinsights_sitenote_category":0,"footnotes":""},"class_list":["post-16681","page","type-page","status-publish","hentry"],"acf":[],"aioseo_notices":[],"jetpack_sharing_enabled":true,"_links":{"self":[{"href":"https:\/\/kvark.rs\/en\/wp-json\/wp\/v2\/pages\/16681","targetHints":{"allow":["GET"]}}],"collection":[{"href":"https:\/\/kvark.rs\/en\/wp-json\/wp\/v2\/pages"}],"about":[{"href":"https:\/\/kvark.rs\/en\/wp-json\/wp\/v2\/types\/page"}],"author":[{"embeddable":true,"href":"https:\/\/kvark.rs\/en\/wp-json\/wp\/v2\/users\/4"}],"replies":[{"embeddable":true,"href":"https:\/\/kvark.rs\/en\/wp-json\/wp\/v2\/comments?post=16681"}],"version-history":[{"count":5,"href":"https:\/\/kvark.rs\/en\/wp-json\/wp\/v2\/pages\/16681\/revisions"}],"predecessor-version":[{"id":23752,"href":"https:\/\/kvark.rs\/en\/wp-json\/wp\/v2\/pages\/16681\/revisions\/23752"}],"wp:attachment":[{"href":"https:\/\/kvark.rs\/en\/wp-json\/wp\/v2\/media?parent=16681"}],"curies":[{"name":"wp","href":"https:\/\/api.w.org\/{rel}","templated":true}]}}