{"id":16677,"date":"2021-10-06T09:48:52","date_gmt":"2021-10-06T09:48:52","guid":{"rendered":"http:\/\/kvark.rs\/?page_id=16677"},"modified":"2023-11-28T11:14:48","modified_gmt":"2023-11-28T11:14:48","slug":"kontrola-kvaliteta-uredjaja","status":"publish","type":"page","link":"https:\/\/kvark.rs\/en\/kontrola-kvaliteta-uredjaja\/","title":{"rendered":"Device quality control"},"content":{"rendered":"<p>[et_pb_section fb_built=&#8220;1&#8243; module_class=&#8220;cs-service-hero&#8220; _builder_version=&#8220;4.20.4&#8243; _module_preset=&#8220;default&#8220; use_background_color_gradient=&#8220;on&#8220; background_color_gradient_direction=&#8220;90deg&#8220; background_color_gradient_stops=&#8220;rgba(46,48,146,0.5) 50%|rgba(255,255,255,0) 50%&#8220; background_enable_image=&#8220;off&#8220; background_blend=&#8220;overlay&#8220; background_video_mp4=&#8220;https:\/\/kvark.rs\/wp-content\/uploads\/2021\/10\/final_6172987c78f410014eac442b_601556.mp4&#8243; height=&#8220;90vh&#8220; height_tablet=&#8220;90vh&#8220; height_phone=&#8220;250px&#8220; height_last_edited=&#8220;on|phone&#8220; global_colors_info=&#8220;{}&#8220;][et_pb_row _builder_version=&#8220;4.16&#8243; _module_preset=&#8220;default&#8220; positioning=&#8220;absolute&#8220; position_origin_a=&#8220;bottom_left&#8220; width=&#8220;50%&#8220; width_tablet=&#8220;50%&#8220; width_phone=&#8220;100vw&#8220; width_last_edited=&#8220;on|phone&#8220; max_width=&#8220;100vw&#8220; custom_margin=&#8220;||||false|false&#8220; custom_margin_tablet=&#8220;||||false|false&#8220; custom_margin_phone=&#8220;||20%||false|false&#8220; custom_margin_last_edited=&#8220;on|phone&#8220; custom_padding=&#8220;||10%|10%|false|false&#8220; locked=&#8220;off&#8220; global_colors_info=&#8220;{}&#8220;][et_pb_column type=&#8220;4_4&#8243; _builder_version=&#8220;4.16&#8243; _module_preset=&#8220;default&#8220; global_colors_info=&#8220;{}&#8220;][et_pb_text _builder_version=&#8220;4.20.4&#8243; _module_preset=&#8220;default&#8220; positioning=&#8220;absolute&#8220; position_origin_a=&#8220;bottom_left&#8220; width=&#8220;100%&#8220; min_height=&#8220;58px&#8220; global_colors_info=&#8220;{}&#8220;]<\/p>\n<h1>Quality control of medical devices<\/h1>\n<p>[\/et_pb_text][\/et_pb_column][\/et_pb_row][\/et_pb_section][et_pb_section fb_built=&#8220;1&#8243; _builder_version=&#8220;4.16&#8243; _module_preset=&#8220;default&#8220; global_colors_info=&#8220;{}&#8220;][et_pb_row column_structure=&#8220;1_2,1_2&#8243; module_class=&#8220;cs-service-flex-row&#8220; _builder_version=&#8220;4.20.4&#8243; _module_preset=&#8220;default&#8220; custom_margin_tablet=&#8220;&#8220; custom_margin_phone=&#8220;-30px||||false|false&#8220; custom_margin_last_edited=&#8220;on|phone&#8220; global_colors_info=&#8220;{}&#8220;][et_pb_column type=&#8220;1_2&#8243; _builder_version=&#8220;4.16&#8243; _module_preset=&#8220;default&#8220; global_colors_info=&#8220;{}&#8220;][et_pb_text module_class=&#8220;cs-main-heading subheading dark&#8220; _builder_version=&#8220;4.20.4&#8243; _module_preset=&#8220;default&#8220; text_font=&#8220;Poppins|500|||||||&#8220; text_text_color=&#8220;gcid-c3eac8fa-242d-4e23-a38b-4651196071fe&#8220; text_font_size=&#8220;20px&#8220; locked=&#8220;off&#8220; global_colors_info=&#8220;{%22gcid-c3eac8fa-242d-4e23-a38b-4651196071fe%22:%91%22text_text_color%22%93}&#8220;]<\/p>\n<p style=\"text-align: left;\"><strong>Measurements to control the quality management system of ionizing radiation protection measures<\/strong><\/p>\n<p>[\/et_pb_text][et_pb_text _builder_version=&#8220;4.20.4&#8243; _module_preset=&#8220;default&#8220; text_font=&#8220;Montserrat|300|||||||&#8220; global_colors_info=&#8220;{}&#8220;]<\/p>\n<blockquote>\n<p><strong><em><span style=\"color: #ff0000;\">Examination of radiation source parameters for the needs of quality control of ionizing radiation protection measures.<\/span><\/em><\/strong><\/p>\n<\/blockquote>\n<p><span><strong><\/strong><\/span><\/p>\n<p>The Rulebook on the Application of Ionizing Radiation Sources in Medicine defines the parameters of admission and periodic testing of ionizing radiation sources, which are conducted by an authorized legal entity.<\/p>\n<p><span><strong><\/strong><\/span><\/p>\n<p>[\/et_pb_text][\/et_pb_column][et_pb_column type=&#8220;1_2&#8243; _builder_version=&#8220;4.16&#8243; _module_preset=&#8220;default&#8220; global_colors_info=&#8220;{}&#8220;][et_pb_image src=&#8220;https:\/\/kvark.rs\/wp-content\/uploads\/2021\/10\/Dozimentrijska-kontrola-i-kontrola-kvaliteta-medicinskih-uredaja-5.jpg&#8220; title_text=&#8220;Dozimentrijska kontrola i kontrola kvaliteta medicinskih ure\u0111aja-5&#8243; align_tablet=&#8220;center&#8220; align_phone=&#8220;center&#8220; align_last_edited=&#8220;on|tablet&#8220; module_class=&#8220;cs-responsive-image cs-larger-responsive-image&#8220; _builder_version=&#8220;4.16&#8243; _module_preset=&#8220;default&#8220; global_colors_info=&#8220;{}&#8220;][\/et_pb_image][\/et_pb_column][\/et_pb_row][\/et_pb_section][et_pb_section fb_built=&#8220;1&#8243; custom_padding_last_edited=&#8220;on|phone&#8220; prev_background_color=&#8220;#ffffff&#8220; _builder_version=&#8220;4.16&#8243; _module_preset=&#8220;default&#8220; background_color=&#8220;gcid-1da049c7-c657-4f41-bb4c-7ebbdce39950&#8243; custom_padding_tablet=&#8220;&#8220; custom_padding_phone=&#8220;20%||||false|false&#8220; top_divider_style=&#8220;ramp2&#8243; top_divider_height=&#8220;200px&#8220; top_divider_flip=&#8220;vertical|horizontal&#8220; global_colors_info=&#8220;{%22gcid-1da049c7-c657-4f41-bb4c-7ebbdce39950%22:%91%22background_color%22%93}&#8220;][et_pb_row module_class=&#8220;cs-flex-row&#8220; _builder_version=&#8220;4.16&#8243; _module_preset=&#8220;default&#8220; custom_padding=&#8220;2.5%||2.5%|26px|true|false&#8220; global_colors_info=&#8220;{}&#8220;][et_pb_column type=&#8220;4_4&#8243; _builder_version=&#8220;4.16&#8243; _module_preset=&#8220;default&#8220; global_colors_info=&#8220;{}&#8220;][et_pb_text module_class=&#8220;cs-main-heading subheading dark&#8220; _builder_version=&#8220;4.20.4&#8243; _module_preset=&#8220;default&#8220; text_font=&#8220;Poppins|500|||||||&#8220; text_text_color=&#8220;gcid-c3eac8fa-242d-4e23-a38b-4651196071fe&#8220; text_font_size=&#8220;20px&#8220; locked=&#8220;off&#8220; global_colors_info=&#8220;{%22gcid-c3eac8fa-242d-4e23-a38b-4651196071fe%22:%91%22text_text_color%22%93}&#8220;]<\/p>\n<p style=\"text-align: left;\"><strong>Measurements to control the quality management system of ionizing radiation protection measures<\/strong><\/p>\n<p>[\/et_pb_text][et_pb_text _builder_version=&#8220;4.20.4&#8243; _module_preset=&#8220;default&#8220; text_font=&#8220;Montserrat|300|||||||&#8220; text_text_color=&#8220;gcid-4bb1ac01-298a-4fb8-83d3-28e9b517cd21&#8243; custom_margin=&#8220;||||false|false&#8220; hover_enabled=&#8220;0&#8243; global_colors_info=&#8220;{%22gcid-4bb1ac01-298a-4fb8-83d3-28e9b517cd21%22:%91%22text_text_color%22%93}&#8220; sticky_enabled=&#8220;0&#8243;]<\/p>\n<p>Our company, as an authorized legal entity, <strong>authorization number <a href=\"%20https:\/\/kvark.rs\/dokumentacija\/ats-certifikat\/\">021-01-42\/2021-03<\/a> <\/strong>for business <strong>Measurements to control the quality management system of ionizing radiation protection measures - <\/strong>\u00a0<strong>Examination of radiation source parameters for the needs of quality control of ionizing radiation protection measures, <\/strong>can offer you control of X-ray machines used in medicine:<\/p>\n<p>[\/et_pb_text][dsm_icon_list icon_color=&#8220;#E02B20&#8243; icon_font_size=&#8220;16px&#8220; list_space_between=&#8220;15px&#8220; _builder_version=&#8220;4.20.4&#8243; _module_preset=&#8220;default&#8220; text_font=&#8220;Poppins|600|||||||&#8220; text_text_color=&#8220;gcid-4bb1ac01-298a-4fb8-83d3-28e9b517cd21&#8243; custom_margin=&#8220;||||false|false&#8220; locked=&#8220;off&#8220; global_colors_info=&#8220;{%22gcid-4bb1ac01-298a-4fb8-83d3-28e9b517cd21%22:%91%22text_text_color%22%93}&#8220;][dsm_icon_list_child text=&#8220;Rendgen aparati za snimanje i prosvetljavanje (napon rendgenske cevi, radijacioni izlaz, debljina poluslabljenja\u2026)  u skladu sa IEC17025\/IEC 61223-3-1&#8243; icon_color=&#8220;#E02B20&#8243; _builder_version=&#8220;4.20.4&#8243; _module_preset=&#8220;default&#8220; text_font=&#8220;|300|||||||&#8220; text_font_size=&#8220;16px&#8220; hover_enabled=&#8220;0&#8243; global_colors_info=&#8220;{}&#8220; custom_margin=&#8220;||||false|false&#8220; sticky_enabled=&#8220;0&#8243;][\/dsm_icon_list_child][dsm_icon_list_child text=&#8220;Rendgen-aparat za mamografiju (napon rendgenske cevi, radijacioni izlaz, debljina poluslabljenja, srednja glandularna doza za standardnu dojku\u2026)  u skladu sa IEC17025 \/ EUREF&#8220; icon_color=&#8220;#E02B20&#8243; _builder_version=&#8220;4.20.4&#8243; _module_preset=&#8220;default&#8220; text_font=&#8220;|300|||||||&#8220; text_font_size=&#8220;16px&#8220; hover_enabled=&#8220;0&#8243; global_colors_info=&#8220;{}&#8220; sticky_enabled=&#8220;0&#8243;][\/dsm_icon_list_child][dsm_icon_list_child text=&#8220;Stomatolo\u0161ki rendgen-aparat  (napon rendgenske cevi, izlazna doza na vrhu tubusa, debljina poluslabljenja \u2026)  u skladu sa IEC17025\/ IEC 61223-3-4&#8243; icon_color=&#8220;#E02B20&#8243; _builder_version=&#8220;4.20.4&#8243; _module_preset=&#8220;default&#8220; text_font=&#8220;|300|||||||&#8220; text_font_size=&#8220;16px&#8220; hover_enabled=&#8220;0&#8243; global_colors_info=&#8220;{}&#8220; sticky_enabled=&#8220;0&#8243;][\/dsm_icon_list_child][dsm_icon_list_child text=&#8220;Rendgen-aparata za kompjuterizovanu tomografiju i CT simulatora (napon rendgenske cevi, CT dozni indeks-CTDI \u2026)  u skladu sa IEC17025\/IEC 61223-3-5&#8243; icon_color=&#8220;#E02B20&#8243; _builder_version=&#8220;4.20.4&#8243; _module_preset=&#8220;default&#8220; text_font=&#8220;|300|||||||&#8220; text_font_size=&#8220;16px&#8220; hover_enabled=&#8220;0&#8243; global_colors_info=&#8220;{}&#8220; sticky_enabled=&#8220;0&#8243;][\/dsm_icon_list_child][\/dsm_icon_list][\/et_pb_column][\/et_pb_row][et_pb_row _builder_version=&#8220;4.16&#8243; _module_preset=&#8220;default&#8220; global_colors_info=&#8220;{}&#8220;][et_pb_column type=&#8220;4_4&#8243; _builder_version=&#8220;4.16&#8243; _module_preset=&#8220;default&#8220; global_colors_info=&#8220;{}&#8220;][dipl_masonry_gallery image_ids=&#8220;19614,19615,20202,19616,19617,20186,20182&#8243; image_size=&#8220;large&#8220; enable_lightbox=&#8220;on&#8220; enable_overlay=&#8220;on&#8220; overlay_icon_color=&#8220;gcid-4bb1ac01-298a-4fb8-83d3-28e9b517cd21&#8243; overlay_color=&#8220;rgba(46,48,146,0.61)&#8220; number_of_columns_tablet=&#8220;3&#8243; number_of_columns_phone=&#8220;2&#8243; number_of_columns_last_edited=&#8220;on|phone&#8220; _builder_version=&#8220;4.16&#8243; _module_preset=&#8220;default&#8220; global_colors_info=&#8220;{%22gcid-4bb1ac01-298a-4fb8-83d3-28e9b517cd21%22:%91%22overlay_icon_color%22%93}&#8220;][\/dipl_masonry_gallery][\/et_pb_column][\/et_pb_row][\/et_pb_section]<\/p>","protected":false},"excerpt":{"rendered":"<p>Kontrola kvaliteta medicinskih ure\u0111ajaMerenja radi kontrole sistema upravljanja kvalitetom mera za\u0161tite od joniuzuju\u0107ih zra\u010denja Ispitivanje\u00a0 parametra izvora\u00a0 zra\u010denja za\u00a0 potrebe\u00a0 kontole kvaliteta\u00a0 mera za\u0161tite od jonizuju\u0107ih zra\u010denja. Pravilnikom o primeni izvora jonizuju\u0107ih zra\u010denja u medicini, definisani su parametri prijemnih i periodi\u010dnih ispitivanja\u00a0 izvora jonizuju\u0107ih zra\u010denja, koja se sprovode od strane ovla\u0161\u0107enog pravnog lica. Merenja radi [&hellip;]<\/p>","protected":false},"author":4,"featured_media":0,"parent":0,"menu_order":0,"comment_status":"closed","ping_status":"closed","template":"","meta":{"_acf_changed":false,"_et_pb_use_builder":"on","_et_pb_old_content":"<!-- wp:divi\/placeholder \/-->","_et_gb_content_width":"","_monsterinsights_skip_tracking":false,"_monsterinsights_sitenote_active":false,"_monsterinsights_sitenote_note":"","_monsterinsights_sitenote_category":0,"footnotes":""},"class_list":["post-16677","page","type-page","status-publish","hentry"],"acf":[],"aioseo_notices":[],"jetpack_sharing_enabled":true,"_links":{"self":[{"href":"https:\/\/kvark.rs\/en\/wp-json\/wp\/v2\/pages\/16677","targetHints":{"allow":["GET"]}}],"collection":[{"href":"https:\/\/kvark.rs\/en\/wp-json\/wp\/v2\/pages"}],"about":[{"href":"https:\/\/kvark.rs\/en\/wp-json\/wp\/v2\/types\/page"}],"author":[{"embeddable":true,"href":"https:\/\/kvark.rs\/en\/wp-json\/wp\/v2\/users\/4"}],"replies":[{"embeddable":true,"href":"https:\/\/kvark.rs\/en\/wp-json\/wp\/v2\/comments?post=16677"}],"version-history":[{"count":8,"href":"https:\/\/kvark.rs\/en\/wp-json\/wp\/v2\/pages\/16677\/revisions"}],"predecessor-version":[{"id":23744,"href":"https:\/\/kvark.rs\/en\/wp-json\/wp\/v2\/pages\/16677\/revisions\/23744"}],"wp:attachment":[{"href":"https:\/\/kvark.rs\/en\/wp-json\/wp\/v2\/media?parent=16677"}],"curies":[{"name":"wp","href":"https:\/\/api.w.org\/{rel}","templated":true}]}}